{"id":11,"date":"2022-05-04T15:24:01","date_gmt":"2022-05-04T15:24:01","guid":{"rendered":"http:\/\/bozon.cz\/elektroinstalace\/?page_id=11"},"modified":"2022-05-14T15:14:16","modified_gmt":"2022-05-14T15:14:16","slug":"sluzby","status":"publish","type":"page","link":"http:\/\/bozon.cz\/elektroinstalace\/","title":{"rendered":"Slu\u017eby"},"content":{"rendered":"\t\t<div data-elementor-type=\"wp-page\" data-elementor-id=\"11\" class=\"elementor elementor-11\">\n\t\t\t\t\t\t\t\t\t<section class=\"elementor-section elementor-top-section elementor-element elementor-element-db284e1 elementor-section-boxed elementor-section-height-default elementor-section-height-default\" data-id=\"db284e1\" data-element_type=\"section\" data-settings=\"{&quot;shape_divider_top&quot;:&quot;mountains&quot;}\">\n\t\t\t\t\t<div class=\"elementor-shape elementor-shape-top\" data-negative=\"false\">\n\t\t\t<svg xmlns=\"http:\/\/www.w3.org\/2000\/svg\" viewBox=\"0 0 1000 100\" preserveAspectRatio=\"none\">\n\t<path class=\"elementor-shape-fill\" opacity=\"0.33\" d=\"M473,67.3c-203.9,88.3-263.1-34-320.3,0C66,119.1,0,59.7,0,59.7V0h1000v59.7 c0,0-62.1,26.1-94.9,29.3c-32.8,3.3-62.8-12.3-75.8-22.1C806,49.6,745.3,8.7,694.9,4.7S492.4,59,473,67.3z\"\/>\n\t<path class=\"elementor-shape-fill\" opacity=\"0.66\" d=\"M734,67.3c-45.5,0-77.2-23.2-129.1-39.1c-28.6-8.7-150.3-10.1-254,39.1 s-91.7-34.4-149.2,0C115.7,118.3,0,39.8,0,39.8V0h1000v36.5c0,0-28.2-18.5-92.1-18.5C810.2,18.1,775.7,67.3,734,67.3z\"\/>\n\t<path class=\"elementor-shape-fill\" d=\"M766.1,28.9c-200-57.5-266,65.5-395.1,19.5C242,1.8,242,5.4,184.8,20.6C128,35.8,132.3,44.9,89.9,52.5C28.6,63.7,0,0,0,0 h1000c0,0-9.9,40.9-83.6,48.1S829.6,47,766.1,28.9z\"\/>\n<\/svg>\t\t<\/div>\n\t\t\t\t\t<div class=\"elementor-container elementor-column-gap-default\">\n\t\t\t\t\t<div class=\"elementor-column elementor-col-100 elementor-top-column elementor-element elementor-element-0daae9f\" data-id=\"0daae9f\" data-element_type=\"column\">\n\t\t\t<div class=\"elementor-widget-wrap\">\n\t\t\t\t\t\t\t\t\t<\/div>\n\t\t<\/div>\n\t\t\t\t\t\t\t<\/div>\n\t\t<\/section>\n\t\t\t\t<section class=\"elementor-section elementor-top-section elementor-element elementor-element-45c6769 elementor-section-boxed elementor-section-height-default elementor-section-height-default\" data-id=\"45c6769\" data-element_type=\"section\">\n\t\t\t\t\t\t<div class=\"elementor-container elementor-column-gap-default\">\n\t\t\t\t\t<div class=\"elementor-column elementor-col-100 elementor-top-column elementor-element elementor-element-2a65d4c\" data-id=\"2a65d4c\" data-element_type=\"column\">\n\t\t\t<div class=\"elementor-widget-wrap elementor-element-populated\">\n\t\t\t\t\t\t\t\t<div class=\"elementor-element elementor-element-cc59d29 elementor-widget elementor-widget-spacer\" data-id=\"cc59d29\" data-element_type=\"widget\" data-widget_type=\"spacer.default\">\n\t\t\t\t<div class=\"elementor-widget-container\">\n\t\t\t<style>\/*! elementor - v3.6.5 - 27-04-2022 *\/\n.e-container.e-container--row .elementor-spacer-inner{width:var(--spacer-size)}.e-container.e-container--column .elementor-spacer-inner,.elementor-column .elementor-spacer-inner{height:var(--spacer-size)}<\/style>\t\t<div class=\"elementor-spacer\">\n\t\t\t<div class=\"elementor-spacer-inner\"><\/div>\n\t\t<\/div>\n\t\t\t\t<\/div>\n\t\t\t\t<\/div>\n\t\t\t\t\t<\/div>\n\t\t<\/div>\n\t\t\t\t\t\t\t<\/div>\n\t\t<\/section>\n\t\t\t\t<section class=\"elementor-section elementor-top-section elementor-element elementor-element-982ceac elementor-section-boxed elementor-section-height-default elementor-section-height-default\" data-id=\"982ceac\" data-element_type=\"section\">\n\t\t\t\t\t\t<div class=\"elementor-container elementor-column-gap-default\">\n\t\t\t\t\t<div class=\"elementor-column elementor-col-50 elementor-top-column elementor-element elementor-element-241d64d\" data-id=\"241d64d\" data-element_type=\"column\">\n\t\t\t<div class=\"elementor-widget-wrap elementor-element-populated\">\n\t\t\t\t\t\t\t\t<div class=\"elementor-element elementor-element-921b926 elementor-widget elementor-widget-heading\" data-id=\"921b926\" data-element_type=\"widget\" data-widget_type=\"heading.default\">\n\t\t\t\t<div class=\"elementor-widget-container\">\n\t\t\t<style>\/*! elementor - v3.6.5 - 27-04-2022 *\/\n.elementor-heading-title{padding:0;margin:0;line-height:1}.elementor-widget-heading .elementor-heading-title[class*=elementor-size-]>a{color:inherit;font-size:inherit;line-height:inherit}.elementor-widget-heading .elementor-heading-title.elementor-size-small{font-size:15px}.elementor-widget-heading .elementor-heading-title.elementor-size-medium{font-size:19px}.elementor-widget-heading .elementor-heading-title.elementor-size-large{font-size:29px}.elementor-widget-heading .elementor-heading-title.elementor-size-xl{font-size:39px}.elementor-widget-heading .elementor-heading-title.elementor-size-xxl{font-size:59px}<\/style><h1 class=\"elementor-heading-title elementor-size-default\">KOMPLETN\u00cd ELEKTROINSTALACE<\/h1>\t\t<\/div>\n\t\t\t\t<\/div>\n\t\t\t\t<div class=\"elementor-element elementor-element-9f9d37c elementor-widget elementor-widget-text-editor\" data-id=\"9f9d37c\" data-element_type=\"widget\" data-widget_type=\"text-editor.default\">\n\t\t\t\t<div class=\"elementor-widget-container\">\n\t\t\t<style>\/*! elementor - v3.6.5 - 27-04-2022 *\/\n.elementor-widget-text-editor.elementor-drop-cap-view-stacked .elementor-drop-cap{background-color:#818a91;color:#fff}.elementor-widget-text-editor.elementor-drop-cap-view-framed .elementor-drop-cap{color:#818a91;border:3px solid;background-color:transparent}.elementor-widget-text-editor:not(.elementor-drop-cap-view-default) .elementor-drop-cap{margin-top:8px}.elementor-widget-text-editor:not(.elementor-drop-cap-view-default) .elementor-drop-cap-letter{width:1em;height:1em}.elementor-widget-text-editor .elementor-drop-cap{float:left;text-align:center;line-height:1;font-size:50px}.elementor-widget-text-editor .elementor-drop-cap-letter{display:inline-block}<\/style>\t\t\t\t<p>Zajist\u00edme kompletn\u00ed elektroinstalaci do Va\u0161eho domu nebo firmy.<\/p>\t\t\t\t\t\t<\/div>\n\t\t\t\t<\/div>\n\t\t\t\t\t<\/div>\n\t\t<\/div>\n\t\t\t\t<div class=\"elementor-column elementor-col-50 elementor-top-column elementor-element elementor-element-48d2337\" data-id=\"48d2337\" data-element_type=\"column\">\n\t\t\t<div class=\"elementor-widget-wrap elementor-element-populated\">\n\t\t\t\t\t\t\t\t<div class=\"elementor-element elementor-element-e52e1a8 elementor-widget elementor-widget-image\" data-id=\"e52e1a8\" data-element_type=\"widget\" data-widget_type=\"image.default\">\n\t\t\t\t<div class=\"elementor-widget-container\">\n\t\t\t<style>\/*! elementor - v3.6.5 - 27-04-2022 *\/\n.elementor-widget-image{text-align:center}.elementor-widget-image a{display:inline-block}.elementor-widget-image a img[src$=\".svg\"]{width:48px}.elementor-widget-image img{vertical-align:middle;display:inline-block}<\/style>\t\t\t\t\t\t\t\t\t\t\t\t<img width=\"150\" height=\"150\" src=\"http:\/\/bozon.cz\/elektroinstalace\/wp-content\/uploads\/2022\/05\/elektro-150x150.png\" class=\"attachment-thumbnail size-thumbnail\" alt=\"\" loading=\"lazy\" srcset=\"http:\/\/bozon.cz\/elektroinstalace\/wp-content\/uploads\/2022\/05\/elektro-150x150.png 150w, http:\/\/bozon.cz\/elektroinstalace\/wp-content\/uploads\/2022\/05\/elektro-300x300.png 300w, http:\/\/bozon.cz\/elektroinstalace\/wp-content\/uploads\/2022\/05\/elektro.png 512w\" sizes=\"(max-width: 150px) 100vw, 150px\" \/>\t\t\t\t\t\t\t\t\t\t\t\t\t\t\t<\/div>\n\t\t\t\t<\/div>\n\t\t\t\t\t<\/div>\n\t\t<\/div>\n\t\t\t\t\t\t\t<\/div>\n\t\t<\/section>\n\t\t\t\t<section class=\"elementor-section elementor-top-section elementor-element elementor-element-98b8828 elementor-section-boxed elementor-section-height-default elementor-section-height-default\" data-id=\"98b8828\" data-element_type=\"section\">\n\t\t\t\t\t\t<div class=\"elementor-container elementor-column-gap-default\">\n\t\t\t\t\t<div class=\"elementor-column elementor-col-50 elementor-top-column elementor-element elementor-element-e3f4e8e\" data-id=\"e3f4e8e\" data-element_type=\"column\">\n\t\t\t<div class=\"elementor-widget-wrap elementor-element-populated\">\n\t\t\t\t\t\t\t\t<div class=\"elementor-element elementor-element-81bd779 elementor-widget elementor-widget-heading\" data-id=\"81bd779\" data-element_type=\"widget\" data-widget_type=\"heading.default\">\n\t\t\t\t<div class=\"elementor-widget-container\">\n\t\t\t<h2 class=\"elementor-heading-title elementor-size-default\">SILNOPROUD<\/h2>\t\t<\/div>\n\t\t\t\t<\/div>\n\t\t\t\t<div class=\"elementor-element elementor-element-c3510c5 elementor-widget elementor-widget-text-editor\" data-id=\"c3510c5\" data-element_type=\"widget\" data-widget_type=\"text-editor.default\">\n\t\t\t\t<div class=\"elementor-widget-container\">\n\t\t\t\t\t\t\t<p>Zajist\u00edme pro V\u00e1s kompletn\u00ed elektrorinstalaci dle po\u017eadavk\u016f kter\u00e9 budete m\u00edt. R\u00e1di porad\u00edme a pom\u016f\u017eeme vymyslet v\u0161e k Va\u0161\u00ed spokojenosti.<\/p>\t\t\t\t\t\t<\/div>\n\t\t\t\t<\/div>\n\t\t\t\t\t<\/div>\n\t\t<\/div>\n\t\t\t\t<div class=\"elementor-column elementor-col-50 elementor-top-column elementor-element elementor-element-c55ed88\" data-id=\"c55ed88\" data-element_type=\"column\">\n\t\t\t<div class=\"elementor-widget-wrap elementor-element-populated\">\n\t\t\t\t\t\t\t\t<div class=\"elementor-element elementor-element-c7fc524 elementor-widget elementor-widget-heading\" data-id=\"c7fc524\" data-element_type=\"widget\" data-widget_type=\"heading.default\">\n\t\t\t\t<div class=\"elementor-widget-container\">\n\t\t\t<h2 class=\"elementor-heading-title elementor-size-default\">SLABOPROUD<\/h2>\t\t<\/div>\n\t\t\t\t<\/div>\n\t\t\t\t<div class=\"elementor-element elementor-element-6f08c53 elementor-widget elementor-widget-text-editor\" data-id=\"6f08c53\" data-element_type=\"widget\" data-widget_type=\"text-editor.default\">\n\t\t\t\t<div class=\"elementor-widget-container\">\n\t\t\t\t\t\t\t<p>Zajist\u00edme v\u0161e co budete pot\u0159ebovat v oblasti slaboproud\u00e9 elektroinstalace.&nbsp;<\/p><p>Montujeme zabezpe\u010dovac\u00ed syst\u00e9my, kamerov\u00e9 syst\u00e9my, doch\u00e1zkov\u00e9 a p\u0159\u00edstupov\u00e9 syst\u00e9my, elektronick\u00e9 po\u017e\u00e1rn\u00ed signalizace, evakua\u010dn\u00ed rozhlas, datov\u00e9 s\u00edt\u011b, televizn\u00ed rozvody, atd.<\/p><p>Samoz\u0159ejmost\u00ed je zaji\u0161t\u011bn\u00ed i pravideln\u00e9ho servisu a pot\u0159ebn\u00fdch reviz\u00ed.<\/p>\t\t\t\t\t\t<\/div>\n\t\t\t\t<\/div>\n\t\t\t\t\t<\/div>\n\t\t<\/div>\n\t\t\t\t\t\t\t<\/div>\n\t\t<\/section>\n\t\t\t\t<section class=\"elementor-section elementor-top-section elementor-element elementor-element-5252d26 elementor-section-boxed elementor-section-height-default elementor-section-height-default\" data-id=\"5252d26\" data-element_type=\"section\">\n\t\t\t\t\t\t<div class=\"elementor-container elementor-column-gap-default\">\n\t\t\t\t\t<div class=\"elementor-column elementor-col-50 elementor-top-column elementor-element elementor-element-c4f5da8\" data-id=\"c4f5da8\" data-element_type=\"column\">\n\t\t\t<div class=\"elementor-widget-wrap elementor-element-populated\">\n\t\t\t\t\t\t\t\t<div class=\"elementor-element elementor-element-c85b700 elementor-widget elementor-widget-heading\" data-id=\"c85b700\" data-element_type=\"widget\" data-widget_type=\"heading.default\">\n\t\t\t\t<div class=\"elementor-widget-container\">\n\t\t\t<h3 class=\"elementor-heading-title elementor-size-default\">KONTAKT<\/h3>\t\t<\/div>\n\t\t\t\t<\/div>\n\t\t\t\t<div class=\"elementor-element elementor-element-888855a elementor-widget elementor-widget-text-editor\" data-id=\"888855a\" data-element_type=\"widget\" data-widget_type=\"text-editor.default\">\n\t\t\t\t<div class=\"elementor-widget-container\">\n\t\t\t\t\t\t\t<p><strong>Jm\u00e9no:<\/strong>\u00a0Tom\u00e1\u0161 Bo\u017eo\u0148<br \/><strong>E-mail:<\/strong>\u00a0tomas*bozon**gmail*cz<\/p><p><strong>Mobil:<\/strong> +420 776 06 40 21<\/p><p><strong>I\u010cO:<\/strong> 107 47 061<br \/><strong>DI\u010c:<\/strong> CZ8903265910<\/p>\t\t\t\t\t\t<\/div>\n\t\t\t\t<\/div>\n\t\t\t\t\t<\/div>\n\t\t<\/div>\n\t\t\t\t<div class=\"elementor-column elementor-col-50 elementor-top-column elementor-element elementor-element-013d146\" data-id=\"013d146\" data-element_type=\"column\">\n\t\t\t<div class=\"elementor-widget-wrap\">\n\t\t\t\t\t\t\t\t\t<\/div>\n\t\t<\/div>\n\t\t\t\t\t\t\t<\/div>\n\t\t<\/section>\n\t\t\t\t\t\t\t<\/div>\n\t\t","protected":false},"excerpt":{"rendered":"<p>KOMPLETN\u00cd ELEKTROINSTALACE Zajist\u00edme kompletn\u00ed elektroinstalaci do Va\u0161eho domu nebo firmy. SILNOPROUD Zajist\u00edme pro V\u00e1s kompletn\u00ed elektrorinstalaci dle po\u017eadavk\u016f kter\u00e9 budete m\u00edt. R\u00e1di porad\u00edme a pom\u016f\u017eeme vymyslet v\u0161e k Va\u0161\u00ed spokojenosti. SLABOPROUD Zajist\u00edme v\u0161e co budete pot\u0159ebovat v oblasti slaboproud\u00e9 elektroinstalace.&nbsp; Montujeme zabezpe\u010dovac\u00ed syst\u00e9my, kamerov\u00e9 syst\u00e9my, doch\u00e1zkov\u00e9 a p\u0159\u00edstupov\u00e9 syst\u00e9my, elektronick\u00e9 po\u017e\u00e1rn\u00ed signalizace, evakua\u010dn\u00ed rozhlas, datov\u00e9 &hellip;<\/p>\n<p class=\"read-more\"> <a class=\"\" href=\"http:\/\/bozon.cz\/elektroinstalace\/\"> <span class=\"screen-reader-text\">Slu\u017eby<\/span> Pokra\u010dovat ve \u010dten\u00ed &raquo;<\/a><\/p>\n","protected":false},"author":1,"featured_media":0,"parent":0,"menu_order":0,"comment_status":"closed","ping_status":"closed","template":"","meta":{"site-sidebar-layout":"no-sidebar","site-content-layout":"page-builder","ast-main-header-display":"","ast-hfb-above-header-display":"","ast-hfb-below-header-display":"","ast-hfb-mobile-header-display":"","site-post-title":"disabled","ast-breadcrumbs-content":"","ast-featured-img":"disabled","footer-sml-layout":"","theme-transparent-header-meta":"","adv-header-id-meta":"","stick-header-meta":"","header-above-stick-meta":"","header-main-stick-meta":"","header-below-stick-meta":""},"_links":{"self":[{"href":"http:\/\/bozon.cz\/elektroinstalace\/wp-json\/wp\/v2\/pages\/11"}],"collection":[{"href":"http:\/\/bozon.cz\/elektroinstalace\/wp-json\/wp\/v2\/pages"}],"about":[{"href":"http:\/\/bozon.cz\/elektroinstalace\/wp-json\/wp\/v2\/types\/page"}],"author":[{"embeddable":true,"href":"http:\/\/bozon.cz\/elektroinstalace\/wp-json\/wp\/v2\/users\/1"}],"replies":[{"embeddable":true,"href":"http:\/\/bozon.cz\/elektroinstalace\/wp-json\/wp\/v2\/comments?post=11"}],"version-history":[{"count":37,"href":"http:\/\/bozon.cz\/elektroinstalace\/wp-json\/wp\/v2\/pages\/11\/revisions"}],"predecessor-version":[{"id":58,"href":"http:\/\/bozon.cz\/elektroinstalace\/wp-json\/wp\/v2\/pages\/11\/revisions\/58"}],"wp:attachment":[{"href":"http:\/\/bozon.cz\/elektroinstalace\/wp-json\/wp\/v2\/media?parent=11"}],"curies":[{"name":"wp","href":"https:\/\/api.w.org\/{rel}","templated":true}]}}