{"id":73,"date":"2022-05-06T09:42:09","date_gmt":"2022-05-06T09:42:09","guid":{"rendered":"http:\/\/bozon.cz\/konferencni-technika\/?page_id=73"},"modified":"2022-05-14T13:51:11","modified_gmt":"2022-05-14T13:51:11","slug":"audiotechnika","status":"publish","type":"page","link":"http:\/\/bozon.cz\/konferencni-technika\/audiotechnika\/","title":{"rendered":"audiotechnika"},"content":{"rendered":"\t\t<div data-elementor-type=\"wp-page\" data-elementor-id=\"73\" class=\"elementor elementor-73\">\n\t\t\t\t\t\t\t\t\t<section class=\"elementor-section elementor-top-section elementor-element elementor-element-0f0c405 elementor-section-boxed elementor-section-height-default elementor-section-height-default\" data-id=\"0f0c405\" data-element_type=\"section\" data-settings=\"{&quot;shape_divider_top&quot;:&quot;mountains&quot;}\">\n\t\t\t\t\t<div class=\"elementor-shape elementor-shape-top\" data-negative=\"false\">\n\t\t\t<svg xmlns=\"http:\/\/www.w3.org\/2000\/svg\" viewBox=\"0 0 1000 100\" preserveAspectRatio=\"none\">\n\t<path class=\"elementor-shape-fill\" opacity=\"0.33\" d=\"M473,67.3c-203.9,88.3-263.1-34-320.3,0C66,119.1,0,59.7,0,59.7V0h1000v59.7 c0,0-62.1,26.1-94.9,29.3c-32.8,3.3-62.8-12.3-75.8-22.1C806,49.6,745.3,8.7,694.9,4.7S492.4,59,473,67.3z\"\/>\n\t<path class=\"elementor-shape-fill\" opacity=\"0.66\" d=\"M734,67.3c-45.5,0-77.2-23.2-129.1-39.1c-28.6-8.7-150.3-10.1-254,39.1 s-91.7-34.4-149.2,0C115.7,118.3,0,39.8,0,39.8V0h1000v36.5c0,0-28.2-18.5-92.1-18.5C810.2,18.1,775.7,67.3,734,67.3z\"\/>\n\t<path class=\"elementor-shape-fill\" d=\"M766.1,28.9c-200-57.5-266,65.5-395.1,19.5C242,1.8,242,5.4,184.8,20.6C128,35.8,132.3,44.9,89.9,52.5C28.6,63.7,0,0,0,0 h1000c0,0-9.9,40.9-83.6,48.1S829.6,47,766.1,28.9z\"\/>\n<\/svg>\t\t<\/div>\n\t\t\t\t\t<div class=\"elementor-container elementor-column-gap-default\">\n\t\t\t\t\t<div class=\"elementor-column elementor-col-100 elementor-top-column elementor-element elementor-element-c6ba16b\" data-id=\"c6ba16b\" data-element_type=\"column\">\n\t\t\t<div class=\"elementor-widget-wrap\">\n\t\t\t\t\t\t\t\t\t<\/div>\n\t\t<\/div>\n\t\t\t\t\t\t\t<\/div>\n\t\t<\/section>\n\t\t\t\t<section class=\"elementor-section elementor-top-section elementor-element elementor-element-c3e9279 elementor-section-boxed elementor-section-height-default elementor-section-height-default\" data-id=\"c3e9279\" data-element_type=\"section\">\n\t\t\t\t\t\t<div class=\"elementor-container elementor-column-gap-default\">\n\t\t\t\t\t<div class=\"elementor-column elementor-col-100 elementor-top-column elementor-element elementor-element-f69ce29\" data-id=\"f69ce29\" data-element_type=\"column\">\n\t\t\t<div class=\"elementor-widget-wrap elementor-element-populated\">\n\t\t\t\t\t\t\t\t<section class=\"elementor-section elementor-inner-section elementor-element elementor-element-ebda988 elementor-section-content-middle elementor-section-boxed elementor-section-height-default elementor-section-height-default\" data-id=\"ebda988\" data-element_type=\"section\">\n\t\t\t\t\t\t<div class=\"elementor-container elementor-column-gap-default\">\n\t\t\t\t\t<div class=\"elementor-column elementor-col-50 elementor-inner-column elementor-element elementor-element-26a7b87\" data-id=\"26a7b87\" data-element_type=\"column\">\n\t\t\t<div class=\"elementor-widget-wrap elementor-element-populated\">\n\t\t\t\t\t\t\t\t<div class=\"elementor-element elementor-element-f2bb46b elementor-widget elementor-widget-heading\" data-id=\"f2bb46b\" data-element_type=\"widget\" data-widget_type=\"heading.default\">\n\t\t\t\t<div class=\"elementor-widget-container\">\n\t\t\t<style>\/*! elementor - v3.6.5 - 27-04-2022 *\/\n.elementor-heading-title{padding:0;margin:0;line-height:1}.elementor-widget-heading .elementor-heading-title[class*=elementor-size-]>a{color:inherit;font-size:inherit;line-height:inherit}.elementor-widget-heading .elementor-heading-title.elementor-size-small{font-size:15px}.elementor-widget-heading .elementor-heading-title.elementor-size-medium{font-size:19px}.elementor-widget-heading .elementor-heading-title.elementor-size-large{font-size:29px}.elementor-widget-heading .elementor-heading-title.elementor-size-xl{font-size:39px}.elementor-widget-heading .elementor-heading-title.elementor-size-xxl{font-size:59px}<\/style><h1 class=\"elementor-heading-title elementor-size-default\">KONFEREN\u010cN\u00cd TECHNIKA OSTRAVA<\/h1>\t\t<\/div>\n\t\t\t\t<\/div>\n\t\t\t\t\t<\/div>\n\t\t<\/div>\n\t\t\t\t<div class=\"elementor-column elementor-col-50 elementor-inner-column elementor-element elementor-element-0a59792\" data-id=\"0a59792\" data-element_type=\"column\">\n\t\t\t<div class=\"elementor-widget-wrap elementor-element-populated\">\n\t\t\t\t\t\t\t\t<div class=\"elementor-element elementor-element-ff8f6ed elementor-hidden-tablet elementor-hidden-mobile elementor-widget elementor-widget-image\" data-id=\"ff8f6ed\" data-element_type=\"widget\" data-widget_type=\"image.default\">\n\t\t\t\t<div class=\"elementor-widget-container\">\n\t\t\t<style>\/*! elementor - v3.6.5 - 27-04-2022 *\/\n.elementor-widget-image{text-align:center}.elementor-widget-image a{display:inline-block}.elementor-widget-image a img[src$=\".svg\"]{width:48px}.elementor-widget-image img{vertical-align:middle;display:inline-block}<\/style>\t\t\t\t\t\t\t\t\t\t\t\t<img width=\"971\" height=\"634\" src=\"http:\/\/bozon.cz\/konferencni-technika\/wp-content\/uploads\/2022\/05\/konferencni-technika-vlajky.png\" class=\"attachment-large size-large\" alt=\"\" loading=\"lazy\" srcset=\"http:\/\/bozon.cz\/konferencni-technika\/wp-content\/uploads\/2022\/05\/konferencni-technika-vlajky.png 971w, http:\/\/bozon.cz\/konferencni-technika\/wp-content\/uploads\/2022\/05\/konferencni-technika-vlajky-300x196.png 300w, http:\/\/bozon.cz\/konferencni-technika\/wp-content\/uploads\/2022\/05\/konferencni-technika-vlajky-768x501.png 768w\" sizes=\"(max-width: 971px) 100vw, 971px\" \/>\t\t\t\t\t\t\t\t\t\t\t\t\t\t\t<\/div>\n\t\t\t\t<\/div>\n\t\t\t\t\t<\/div>\n\t\t<\/div>\n\t\t\t\t\t\t\t<\/div>\n\t\t<\/section>\n\t\t\t\t\t<\/div>\n\t\t<\/div>\n\t\t\t\t\t\t\t<\/div>\n\t\t<\/section>\n\t\t\t\t<section class=\"elementor-section elementor-top-section elementor-element elementor-element-0c0a026 elementor-section-boxed elementor-section-height-default elementor-section-height-default\" data-id=\"0c0a026\" data-element_type=\"section\">\n\t\t\t\t\t\t<div class=\"elementor-container elementor-column-gap-default\">\n\t\t\t\t\t<div class=\"elementor-column elementor-col-100 elementor-top-column elementor-element elementor-element-930365d\" data-id=\"930365d\" data-element_type=\"column\">\n\t\t\t<div class=\"elementor-widget-wrap elementor-element-populated\">\n\t\t\t\t\t\t\t\t<div class=\"elementor-element elementor-element-2b32c5c elementor-widget-divider--view-line_text elementor-widget-divider--element-align-center elementor-widget elementor-widget-divider\" data-id=\"2b32c5c\" data-element_type=\"widget\" data-widget_type=\"divider.default\">\n\t\t\t\t<div class=\"elementor-widget-container\">\n\t\t\t<style>\/*! elementor - v3.6.5 - 27-04-2022 *\/\n.elementor-widget-divider{--divider-border-style:none;--divider-border-width:1px;--divider-color:#2c2c2c;--divider-icon-size:20px;--divider-element-spacing:10px;--divider-pattern-height:24px;--divider-pattern-size:20px;--divider-pattern-url:none;--divider-pattern-repeat:repeat-x}.elementor-widget-divider .elementor-divider{display:-webkit-box;display:-ms-flexbox;display:flex}.elementor-widget-divider .elementor-divider__text{font-size:15px;line-height:1;max-width:95%}.elementor-widget-divider .elementor-divider__element{margin:0 var(--divider-element-spacing);-ms-flex-negative:0;flex-shrink:0}.elementor-widget-divider .elementor-icon{font-size:var(--divider-icon-size)}.elementor-widget-divider .elementor-divider-separator{display:-webkit-box;display:-ms-flexbox;display:flex;margin:0;direction:ltr}.elementor-widget-divider--view-line_icon .elementor-divider-separator,.elementor-widget-divider--view-line_text .elementor-divider-separator{-webkit-box-align:center;-ms-flex-align:center;align-items:center}.elementor-widget-divider--view-line_icon .elementor-divider-separator:after,.elementor-widget-divider--view-line_icon .elementor-divider-separator:before,.elementor-widget-divider--view-line_text .elementor-divider-separator:after,.elementor-widget-divider--view-line_text .elementor-divider-separator:before{display:block;content:\"\";border-bottom:0;-webkit-box-flex:1;-ms-flex-positive:1;flex-grow:1;border-top:var(--divider-border-width) var(--divider-border-style) var(--divider-color)}.elementor-widget-divider--element-align-left .elementor-divider .elementor-divider-separator>.elementor-divider__svg:first-of-type{-webkit-box-flex:0;-ms-flex-positive:0;flex-grow:0;-ms-flex-negative:100;flex-shrink:100}.elementor-widget-divider--element-align-left .elementor-divider-separator:before{content:none}.elementor-widget-divider--element-align-left .elementor-divider__element{margin-left:0}.elementor-widget-divider--element-align-right .elementor-divider .elementor-divider-separator>.elementor-divider__svg:last-of-type{-webkit-box-flex:0;-ms-flex-positive:0;flex-grow:0;-ms-flex-negative:100;flex-shrink:100}.elementor-widget-divider--element-align-right .elementor-divider-separator:after{content:none}.elementor-widget-divider--element-align-right .elementor-divider__element{margin-right:0}.elementor-widget-divider:not(.elementor-widget-divider--view-line_text):not(.elementor-widget-divider--view-line_icon) .elementor-divider-separator{border-top:var(--divider-border-width) var(--divider-border-style) var(--divider-color)}.elementor-widget-divider--separator-type-pattern{--divider-border-style:none}.elementor-widget-divider--separator-type-pattern.elementor-widget-divider--view-line .elementor-divider-separator,.elementor-widget-divider--separator-type-pattern:not(.elementor-widget-divider--view-line) .elementor-divider-separator:after,.elementor-widget-divider--separator-type-pattern:not(.elementor-widget-divider--view-line) .elementor-divider-separator:before,.elementor-widget-divider--separator-type-pattern:not([class*=elementor-widget-divider--view]) .elementor-divider-separator{width:100%;min-height:var(--divider-pattern-height);-webkit-mask-size:var(--divider-pattern-size) 100%;mask-size:var(--divider-pattern-size) 100%;-webkit-mask-repeat:var(--divider-pattern-repeat);mask-repeat:var(--divider-pattern-repeat);background-color:var(--divider-color);-webkit-mask-image:var(--divider-pattern-url);mask-image:var(--divider-pattern-url)}.elementor-widget-divider--no-spacing{--divider-pattern-size:auto}.elementor-widget-divider--bg-round{--divider-pattern-repeat:round}.rtl .elementor-widget-divider .elementor-divider__text{direction:rtl}<\/style>\t\t<div class=\"elementor-divider\">\n\t\t\t<span class=\"elementor-divider-separator\">\n\t\t\t\t\t\t\t<h2 class=\"elementor-divider__text elementor-divider__element\">\n\t\t\t\tAUDIOTECHNIKA\t\t\t\t<\/h2>\n\t\t\t\t\t\t<\/span>\n\t\t<\/div>\n\t\t\t\t<\/div>\n\t\t\t\t<\/div>\n\t\t\t\t\t<\/div>\n\t\t<\/div>\n\t\t\t\t\t\t\t<\/div>\n\t\t<\/section>\n\t\t\t\t<section class=\"elementor-section elementor-top-section elementor-element elementor-element-c53fbc7 elementor-section-boxed elementor-section-height-default elementor-section-height-default\" data-id=\"c53fbc7\" data-element_type=\"section\">\n\t\t\t\t\t\t<div class=\"elementor-container elementor-column-gap-default\">\n\t\t\t\t\t<div class=\"elementor-column elementor-col-100 elementor-top-column elementor-element elementor-element-7d1d529\" data-id=\"7d1d529\" data-element_type=\"column\">\n\t\t\t<div class=\"elementor-widget-wrap elementor-element-populated\">\n\t\t\t\t\t\t\t\t<div class=\"elementor-element elementor-element-81b24c2 elementor-widget elementor-widget-text-editor\" data-id=\"81b24c2\" data-element_type=\"widget\" data-widget_type=\"text-editor.default\">\n\t\t\t\t<div class=\"elementor-widget-container\">\n\t\t\t<style>\/*! elementor - v3.6.5 - 27-04-2022 *\/\n.elementor-widget-text-editor.elementor-drop-cap-view-stacked .elementor-drop-cap{background-color:#818a91;color:#fff}.elementor-widget-text-editor.elementor-drop-cap-view-framed .elementor-drop-cap{color:#818a91;border:3px solid;background-color:transparent}.elementor-widget-text-editor:not(.elementor-drop-cap-view-default) .elementor-drop-cap{margin-top:8px}.elementor-widget-text-editor:not(.elementor-drop-cap-view-default) .elementor-drop-cap-letter{width:1em;height:1em}.elementor-widget-text-editor .elementor-drop-cap{float:left;text-align:center;line-height:1;font-size:50px}.elementor-widget-text-editor .elementor-drop-cap-letter{display:inline-block}<\/style>\t\t\t\t<h4><strong><span style=\"color: #ffffff;\">ZESILOVA\u010c<\/span><\/strong><\/h4><p>Pro kvalitn\u00ed ozvu\u010den\u00ed konferen\u010dn\u00edch s\u00e1l\u016f pou\u017e\u00edv\u00e1me zna\u010dkov\u00fd zesilova\u010d YAMAHA. Jeho stereofonn\u00ed v\u00fdkon 2 x 160 W zaru\u010duje p\u0159\u00edjemn\u00fd poslech v cel\u00e9m jednac\u00edm prostoru.<\/p><h4><span style=\"color: #ffffff;\"><strong>MIX\u00c1\u017dN\u00cd PULT<\/strong><\/span><\/h4><p>Mix\u00e1\u017en\u00ed pult je p\u0159edpokladem pro p\u0159irozen\u00fd zvuk v s\u00e1le. Pou\u017e\u00edv\u00e1me pult zna\u010dky SPIRIT.<\/p><h4><span style=\"color: #ffffff;\"><strong>REPROSOUSTAVA<\/strong><\/span><\/h4><p><a href=\"http:\/\/bozon.cz\/wp-content\/uploads\/2014\/02\/repro1.png\"><img loading=\"lazy\" class=\"size-full wp-image-428 alignleft\" src=\"http:\/\/bozon.cz\/wp-content\/uploads\/2014\/02\/repro1.png\" alt=\"repro\" width=\"129\" height=\"182\" \/><\/a>Vynikaj\u00edc\u00ed ozvu\u010den\u00ed bez dob\u0159e navr\u017een\u00e9 reprosoustavy nen\u00ed mo\u017en\u00e9. Proto pou\u017e\u00edv\u00e1me\u00a0reproduktory zna\u010dky SECO. \u010cesk\u00e1 obchodn\u00ed zna\u010dka SECO vznikla ve spolupr\u00e1ci se\u00a0zahrani\u010dn\u00edmi partnery v roce 1995.<\/p><h4><strong><span style=\"color: #ffffff;\">MIKROFON<\/span><\/strong><\/h4><h3><a href=\"http:\/\/bozon.cz\/wp-content\/uploads\/2014\/07\/sennheiser_mikrofon.png\"><img loading=\"lazy\" class=\"alignright size-medium wp-image-406\" src=\"http:\/\/bozon.cz\/wp-content\/uploads\/2014\/07\/sennheiser_mikrofon-300x203.png\" sizes=\"(max-width: 300px) 100vw, 300px\" srcset=\"http:\/\/bozon.cz\/wp-content\/uploads\/2014\/07\/sennheiser_mikrofon-300x203.png 300w, http:\/\/bozon.cz\/wp-content\/uploads\/2014\/07\/sennheiser_mikrofon.png 568w\" alt=\"sennheiser_mikrofon\" width=\"300\" height=\"203\" \/><\/a><\/h3><p>Sv\u00fdm z\u00e1k\u00e1zn\u00edk\u016fm poskytujeme to nejlep\u0161\u00ed ze sv\u011bta zesilov\u00e1n\u00ed zvuku: jak svobodu bezdr\u00e1tov\u00e9ho syst\u00e9mu tak i spolehlivost a zvukovou kvalitu SENNHEISER mikrofon\u016f.<\/p>\t\t\t\t\t\t<\/div>\n\t\t\t\t<\/div>\n\t\t\t\t\t<\/div>\n\t\t<\/div>\n\t\t\t\t\t\t\t<\/div>\n\t\t<\/section>\n\t\t\t\t\t\t\t<\/div>\n\t\t","protected":false},"excerpt":{"rendered":"<p>KONFEREN\u010cN\u00cd TECHNIKA OSTRAVA AUDIOTECHNIKA ZESILOVA\u010c Pro kvalitn\u00ed ozvu\u010den\u00ed konferen\u010dn\u00edch s\u00e1l\u016f pou\u017e\u00edv\u00e1me zna\u010dkov\u00fd zesilova\u010d YAMAHA. Jeho stereofonn\u00ed v\u00fdkon 2 x 160 W zaru\u010duje p\u0159\u00edjemn\u00fd poslech v cel\u00e9m jednac\u00edm prostoru. MIX\u00c1\u017dN\u00cd PULT Mix\u00e1\u017en\u00ed pult je p\u0159edpokladem pro p\u0159irozen\u00fd zvuk v s\u00e1le. Pou\u017e\u00edv\u00e1me pult zna\u010dky SPIRIT. REPROSOUSTAVA Vynikaj\u00edc\u00ed ozvu\u010den\u00ed bez dob\u0159e navr\u017een\u00e9 reprosoustavy nen\u00ed mo\u017en\u00e9. Proto pou\u017e\u00edv\u00e1me\u00a0reproduktory zna\u010dky &hellip;<\/p>\n<p class=\"read-more\"> <a class=\"\" href=\"http:\/\/bozon.cz\/konferencni-technika\/audiotechnika\/\"> <span class=\"screen-reader-text\">audiotechnika<\/span> Pokra\u010dovat ve \u010dten\u00ed &raquo;<\/a><\/p>\n","protected":false},"author":1,"featured_media":0,"parent":0,"menu_order":0,"comment_status":"closed","ping_status":"closed","template":"","meta":{"site-sidebar-layout":"no-sidebar","site-content-layout":"page-builder","ast-main-header-display":"","ast-hfb-above-header-display":"","ast-hfb-below-header-display":"","ast-hfb-mobile-header-display":"","site-post-title":"disabled","ast-breadcrumbs-content":"","ast-featured-img":"disabled","footer-sml-layout":"","theme-transparent-header-meta":"","adv-header-id-meta":"","stick-header-meta":"","header-above-stick-meta":"","header-main-stick-meta":"","header-below-stick-meta":""},"_links":{"self":[{"href":"http:\/\/bozon.cz\/konferencni-technika\/wp-json\/wp\/v2\/pages\/73"}],"collection":[{"href":"http:\/\/bozon.cz\/konferencni-technika\/wp-json\/wp\/v2\/pages"}],"about":[{"href":"http:\/\/bozon.cz\/konferencni-technika\/wp-json\/wp\/v2\/types\/page"}],"author":[{"embeddable":true,"href":"http:\/\/bozon.cz\/konferencni-technika\/wp-json\/wp\/v2\/users\/1"}],"replies":[{"embeddable":true,"href":"http:\/\/bozon.cz\/konferencni-technika\/wp-json\/wp\/v2\/comments?post=73"}],"version-history":[{"count":49,"href":"http:\/\/bozon.cz\/konferencni-technika\/wp-json\/wp\/v2\/pages\/73\/revisions"}],"predecessor-version":[{"id":158,"href":"http:\/\/bozon.cz\/konferencni-technika\/wp-json\/wp\/v2\/pages\/73\/revisions\/158"}],"wp:attachment":[{"href":"http:\/\/bozon.cz\/konferencni-technika\/wp-json\/wp\/v2\/media?parent=73"}],"curies":[{"name":"wp","href":"https:\/\/api.w.org\/{rel}","templated":true}]}}