{"id":75,"date":"2022-05-06T09:42:27","date_gmt":"2022-05-06T09:42:27","guid":{"rendered":"http:\/\/bozon.cz\/konferencni-technika\/?page_id=75"},"modified":"2022-05-14T13:57:42","modified_gmt":"2022-05-14T13:57:42","slug":"tlumocnicka-technika","status":"publish","type":"page","link":"http:\/\/bozon.cz\/konferencni-technika\/tlumocnicka-technika\/","title":{"rendered":"tlumo\u010dnick\u00e1 technika"},"content":{"rendered":"\t\t<div data-elementor-type=\"wp-page\" data-elementor-id=\"75\" class=\"elementor elementor-75\">\n\t\t\t\t\t\t\t\t\t<section class=\"elementor-section elementor-top-section elementor-element elementor-element-3ae67f7 elementor-section-boxed elementor-section-height-default elementor-section-height-default\" data-id=\"3ae67f7\" data-element_type=\"section\" data-settings=\"{&quot;shape_divider_top&quot;:&quot;mountains&quot;}\">\n\t\t\t\t\t<div class=\"elementor-shape elementor-shape-top\" data-negative=\"false\">\n\t\t\t<svg xmlns=\"http:\/\/www.w3.org\/2000\/svg\" viewBox=\"0 0 1000 100\" preserveAspectRatio=\"none\">\n\t<path class=\"elementor-shape-fill\" opacity=\"0.33\" d=\"M473,67.3c-203.9,88.3-263.1-34-320.3,0C66,119.1,0,59.7,0,59.7V0h1000v59.7 c0,0-62.1,26.1-94.9,29.3c-32.8,3.3-62.8-12.3-75.8-22.1C806,49.6,745.3,8.7,694.9,4.7S492.4,59,473,67.3z\"\/>\n\t<path class=\"elementor-shape-fill\" opacity=\"0.66\" d=\"M734,67.3c-45.5,0-77.2-23.2-129.1-39.1c-28.6-8.7-150.3-10.1-254,39.1 s-91.7-34.4-149.2,0C115.7,118.3,0,39.8,0,39.8V0h1000v36.5c0,0-28.2-18.5-92.1-18.5C810.2,18.1,775.7,67.3,734,67.3z\"\/>\n\t<path class=\"elementor-shape-fill\" d=\"M766.1,28.9c-200-57.5-266,65.5-395.1,19.5C242,1.8,242,5.4,184.8,20.6C128,35.8,132.3,44.9,89.9,52.5C28.6,63.7,0,0,0,0 h1000c0,0-9.9,40.9-83.6,48.1S829.6,47,766.1,28.9z\"\/>\n<\/svg>\t\t<\/div>\n\t\t\t\t\t<div class=\"elementor-container elementor-column-gap-default\">\n\t\t\t\t\t<div class=\"elementor-column elementor-col-100 elementor-top-column elementor-element elementor-element-f42843e\" data-id=\"f42843e\" data-element_type=\"column\">\n\t\t\t<div class=\"elementor-widget-wrap\">\n\t\t\t\t\t\t\t\t\t<\/div>\n\t\t<\/div>\n\t\t\t\t\t\t\t<\/div>\n\t\t<\/section>\n\t\t\t\t<section class=\"elementor-section elementor-top-section elementor-element elementor-element-702b352 elementor-section-boxed elementor-section-height-default elementor-section-height-default\" data-id=\"702b352\" data-element_type=\"section\">\n\t\t\t\t\t\t<div class=\"elementor-container elementor-column-gap-default\">\n\t\t\t\t\t<div class=\"elementor-column elementor-col-100 elementor-top-column elementor-element elementor-element-fa86784\" data-id=\"fa86784\" data-element_type=\"column\">\n\t\t\t<div class=\"elementor-widget-wrap elementor-element-populated\">\n\t\t\t\t\t\t\t\t<section class=\"elementor-section elementor-inner-section elementor-element elementor-element-00c477a elementor-section-content-middle elementor-section-boxed elementor-section-height-default elementor-section-height-default\" data-id=\"00c477a\" data-element_type=\"section\">\n\t\t\t\t\t\t<div class=\"elementor-container elementor-column-gap-default\">\n\t\t\t\t\t<div class=\"elementor-column elementor-col-50 elementor-inner-column elementor-element elementor-element-e52f45f\" data-id=\"e52f45f\" data-element_type=\"column\">\n\t\t\t<div class=\"elementor-widget-wrap elementor-element-populated\">\n\t\t\t\t\t\t\t\t<div class=\"elementor-element elementor-element-fe66f6c elementor-widget elementor-widget-heading\" data-id=\"fe66f6c\" data-element_type=\"widget\" data-widget_type=\"heading.default\">\n\t\t\t\t<div class=\"elementor-widget-container\">\n\t\t\t<style>\/*! elementor - v3.6.5 - 27-04-2022 *\/\n.elementor-heading-title{padding:0;margin:0;line-height:1}.elementor-widget-heading .elementor-heading-title[class*=elementor-size-]>a{color:inherit;font-size:inherit;line-height:inherit}.elementor-widget-heading .elementor-heading-title.elementor-size-small{font-size:15px}.elementor-widget-heading .elementor-heading-title.elementor-size-medium{font-size:19px}.elementor-widget-heading .elementor-heading-title.elementor-size-large{font-size:29px}.elementor-widget-heading .elementor-heading-title.elementor-size-xl{font-size:39px}.elementor-widget-heading .elementor-heading-title.elementor-size-xxl{font-size:59px}<\/style><h1 class=\"elementor-heading-title elementor-size-default\">KONFEREN\u010cN\u00cd TECHNIKA OSTRAVA<\/h1>\t\t<\/div>\n\t\t\t\t<\/div>\n\t\t\t\t\t<\/div>\n\t\t<\/div>\n\t\t\t\t<div class=\"elementor-column elementor-col-50 elementor-inner-column elementor-element elementor-element-d1bc51d\" data-id=\"d1bc51d\" data-element_type=\"column\">\n\t\t\t<div class=\"elementor-widget-wrap elementor-element-populated\">\n\t\t\t\t\t\t\t\t<div class=\"elementor-element elementor-element-bcf5872 elementor-hidden-tablet elementor-hidden-mobile elementor-widget elementor-widget-image\" data-id=\"bcf5872\" data-element_type=\"widget\" data-widget_type=\"image.default\">\n\t\t\t\t<div class=\"elementor-widget-container\">\n\t\t\t<style>\/*! elementor - v3.6.5 - 27-04-2022 *\/\n.elementor-widget-image{text-align:center}.elementor-widget-image a{display:inline-block}.elementor-widget-image a img[src$=\".svg\"]{width:48px}.elementor-widget-image img{vertical-align:middle;display:inline-block}<\/style>\t\t\t\t\t\t\t\t\t\t\t\t<img width=\"971\" height=\"634\" src=\"http:\/\/bozon.cz\/konferencni-technika\/wp-content\/uploads\/2022\/05\/konferencni-technika-vlajky.png\" class=\"attachment-large size-large\" alt=\"\" loading=\"lazy\" srcset=\"http:\/\/bozon.cz\/konferencni-technika\/wp-content\/uploads\/2022\/05\/konferencni-technika-vlajky.png 971w, http:\/\/bozon.cz\/konferencni-technika\/wp-content\/uploads\/2022\/05\/konferencni-technika-vlajky-300x196.png 300w, http:\/\/bozon.cz\/konferencni-technika\/wp-content\/uploads\/2022\/05\/konferencni-technika-vlajky-768x501.png 768w\" sizes=\"(max-width: 971px) 100vw, 971px\" \/>\t\t\t\t\t\t\t\t\t\t\t\t\t\t\t<\/div>\n\t\t\t\t<\/div>\n\t\t\t\t\t<\/div>\n\t\t<\/div>\n\t\t\t\t\t\t\t<\/div>\n\t\t<\/section>\n\t\t\t\t\t<\/div>\n\t\t<\/div>\n\t\t\t\t\t\t\t<\/div>\n\t\t<\/section>\n\t\t\t\t<section class=\"elementor-section elementor-top-section elementor-element elementor-element-6214dfb elementor-section-boxed elementor-section-height-default elementor-section-height-default\" data-id=\"6214dfb\" data-element_type=\"section\">\n\t\t\t\t\t\t<div class=\"elementor-container elementor-column-gap-default\">\n\t\t\t\t\t<div class=\"elementor-column elementor-col-100 elementor-top-column elementor-element elementor-element-9c8822e\" data-id=\"9c8822e\" data-element_type=\"column\">\n\t\t\t<div class=\"elementor-widget-wrap elementor-element-populated\">\n\t\t\t\t\t\t\t\t<div class=\"elementor-element elementor-element-5cb57f3 elementor-widget-divider--view-line_text elementor-widget-divider--element-align-center elementor-widget elementor-widget-divider\" data-id=\"5cb57f3\" data-element_type=\"widget\" data-widget_type=\"divider.default\">\n\t\t\t\t<div class=\"elementor-widget-container\">\n\t\t\t<style>\/*! elementor - v3.6.5 - 27-04-2022 *\/\n.elementor-widget-divider{--divider-border-style:none;--divider-border-width:1px;--divider-color:#2c2c2c;--divider-icon-size:20px;--divider-element-spacing:10px;--divider-pattern-height:24px;--divider-pattern-size:20px;--divider-pattern-url:none;--divider-pattern-repeat:repeat-x}.elementor-widget-divider .elementor-divider{display:-webkit-box;display:-ms-flexbox;display:flex}.elementor-widget-divider .elementor-divider__text{font-size:15px;line-height:1;max-width:95%}.elementor-widget-divider .elementor-divider__element{margin:0 var(--divider-element-spacing);-ms-flex-negative:0;flex-shrink:0}.elementor-widget-divider .elementor-icon{font-size:var(--divider-icon-size)}.elementor-widget-divider .elementor-divider-separator{display:-webkit-box;display:-ms-flexbox;display:flex;margin:0;direction:ltr}.elementor-widget-divider--view-line_icon .elementor-divider-separator,.elementor-widget-divider--view-line_text .elementor-divider-separator{-webkit-box-align:center;-ms-flex-align:center;align-items:center}.elementor-widget-divider--view-line_icon .elementor-divider-separator:after,.elementor-widget-divider--view-line_icon .elementor-divider-separator:before,.elementor-widget-divider--view-line_text .elementor-divider-separator:after,.elementor-widget-divider--view-line_text .elementor-divider-separator:before{display:block;content:\"\";border-bottom:0;-webkit-box-flex:1;-ms-flex-positive:1;flex-grow:1;border-top:var(--divider-border-width) var(--divider-border-style) var(--divider-color)}.elementor-widget-divider--element-align-left .elementor-divider .elementor-divider-separator>.elementor-divider__svg:first-of-type{-webkit-box-flex:0;-ms-flex-positive:0;flex-grow:0;-ms-flex-negative:100;flex-shrink:100}.elementor-widget-divider--element-align-left .elementor-divider-separator:before{content:none}.elementor-widget-divider--element-align-left .elementor-divider__element{margin-left:0}.elementor-widget-divider--element-align-right .elementor-divider .elementor-divider-separator>.elementor-divider__svg:last-of-type{-webkit-box-flex:0;-ms-flex-positive:0;flex-grow:0;-ms-flex-negative:100;flex-shrink:100}.elementor-widget-divider--element-align-right .elementor-divider-separator:after{content:none}.elementor-widget-divider--element-align-right .elementor-divider__element{margin-right:0}.elementor-widget-divider:not(.elementor-widget-divider--view-line_text):not(.elementor-widget-divider--view-line_icon) .elementor-divider-separator{border-top:var(--divider-border-width) var(--divider-border-style) var(--divider-color)}.elementor-widget-divider--separator-type-pattern{--divider-border-style:none}.elementor-widget-divider--separator-type-pattern.elementor-widget-divider--view-line .elementor-divider-separator,.elementor-widget-divider--separator-type-pattern:not(.elementor-widget-divider--view-line) .elementor-divider-separator:after,.elementor-widget-divider--separator-type-pattern:not(.elementor-widget-divider--view-line) .elementor-divider-separator:before,.elementor-widget-divider--separator-type-pattern:not([class*=elementor-widget-divider--view]) .elementor-divider-separator{width:100%;min-height:var(--divider-pattern-height);-webkit-mask-size:var(--divider-pattern-size) 100%;mask-size:var(--divider-pattern-size) 100%;-webkit-mask-repeat:var(--divider-pattern-repeat);mask-repeat:var(--divider-pattern-repeat);background-color:var(--divider-color);-webkit-mask-image:var(--divider-pattern-url);mask-image:var(--divider-pattern-url)}.elementor-widget-divider--no-spacing{--divider-pattern-size:auto}.elementor-widget-divider--bg-round{--divider-pattern-repeat:round}.rtl .elementor-widget-divider .elementor-divider__text{direction:rtl}<\/style>\t\t<div class=\"elementor-divider\">\n\t\t\t<span class=\"elementor-divider-separator\">\n\t\t\t\t\t\t\t<h2 class=\"elementor-divider__text elementor-divider__element\">\n\t\t\t\tTLUMO\u010cNICK\u00c1 TECHNIKA\t\t\t\t<\/h2>\n\t\t\t\t\t\t<\/span>\n\t\t<\/div>\n\t\t\t\t<\/div>\n\t\t\t\t<\/div>\n\t\t\t\t\t<\/div>\n\t\t<\/div>\n\t\t\t\t\t\t\t<\/div>\n\t\t<\/section>\n\t\t\t\t<section class=\"elementor-section elementor-top-section elementor-element elementor-element-829b382 elementor-section-boxed elementor-section-height-default elementor-section-height-default\" data-id=\"829b382\" data-element_type=\"section\">\n\t\t\t\t\t\t<div class=\"elementor-container elementor-column-gap-default\">\n\t\t\t\t\t<div class=\"elementor-column elementor-col-100 elementor-top-column elementor-element elementor-element-10e8bf7\" data-id=\"10e8bf7\" data-element_type=\"column\">\n\t\t\t<div class=\"elementor-widget-wrap elementor-element-populated\">\n\t\t\t\t\t\t\t\t<div class=\"elementor-element elementor-element-9078cd3 elementor-widget elementor-widget-text-editor\" data-id=\"9078cd3\" data-element_type=\"widget\" data-widget_type=\"text-editor.default\">\n\t\t\t\t<div class=\"elementor-widget-container\">\n\t\t\t<style>\/*! elementor - v3.6.5 - 27-04-2022 *\/\n.elementor-widget-text-editor.elementor-drop-cap-view-stacked .elementor-drop-cap{background-color:#818a91;color:#fff}.elementor-widget-text-editor.elementor-drop-cap-view-framed .elementor-drop-cap{color:#818a91;border:3px solid;background-color:transparent}.elementor-widget-text-editor:not(.elementor-drop-cap-view-default) .elementor-drop-cap{margin-top:8px}.elementor-widget-text-editor:not(.elementor-drop-cap-view-default) .elementor-drop-cap-letter{width:1em;height:1em}.elementor-widget-text-editor .elementor-drop-cap{float:left;text-align:center;line-height:1;font-size:50px}.elementor-widget-text-editor .elementor-drop-cap-letter{display:inline-block}<\/style>\t\t\t\t<h4><strong><span style=\"color: #ffffff;\">\u0160EPT\u00c1K<\/span><\/strong><\/h4><p><a href=\"http:\/\/bozon.cz\/wp-content\/uploads\/2014\/02\/septak_bezdrat.png\"><img loading=\"lazy\" class=\"size-medium wp-image-431 alignright\" src=\"http:\/\/bozon.cz\/wp-content\/uploads\/2014\/02\/septak_bezdrat-300x203.png\" sizes=\"(max-width: 300px) 100vw, 300px\" srcset=\"http:\/\/bozon.cz\/wp-content\/uploads\/2014\/02\/septak_bezdrat-300x203.png 300w, http:\/\/bozon.cz\/wp-content\/uploads\/2014\/02\/septak_bezdrat.png 568w\" alt=\"septak_bezdrat\" width=\"300\" height=\"203\" \/><\/a>P\u0159i n\u011bkter\u00fdch jedn\u00e1n\u00edch posta\u010d\u00ed \u0161ept\u00e1kov\u00e1 souprava.<\/p><p>Poskytujeme jak <strong>dr\u00e1tovou<\/strong>, tak <strong>bezdr\u00e1tovou verzi<\/strong>.<\/p><ul><li><strong>Dr\u00e1tov\u00e1 souprava<\/strong> je ur\u010dena maxim\u00e1ln\u011b pro 30 poslucha\u010d\u016f. Vy\u017eaduje speci\u00e1ln\u00ed stolovou \u00fapravu.<\/li><\/ul><ul><li><strong>Bezdr\u00e1tov\u00e1 souprava<\/strong> je ur\u010dena pro 18 poslucha\u010d\u016f. T\u011bchto souprav m\u016f\u017ee pracovat i v\u00edce najednou, \u010d\u00edm\u017e se d\u00e1 po\u010det poslucha\u010d\u016f nav\u00fd\u0161it v podstat\u011b do v\u00fd\u0161e, kter\u00e1 je re\u00e1lna z hlediska dosahu vys\u00edla\u010de. (cca 50m).\u00a0Tato bezdr\u00e1tov\u00e1 souprava je p\u0159edev\u0161\u00edm ur\u010dena pro pou\u017eit\u00ed v ter\u00e9nu.<\/li><\/ul><h4><span style=\"color: #ffffff;\"><strong>STANI\u010cKA<\/strong><\/span><\/h4><p><a href=\"http:\/\/bozon.cz\/wp-content\/uploads\/2014\/07\/stanicka.png\"><img loading=\"lazy\" class=\"size-medium wp-image-407 alignright\" src=\"http:\/\/bozon.cz\/wp-content\/uploads\/2014\/07\/stanicka-300x203.png\" sizes=\"(max-width: 300px) 100vw, 300px\" srcset=\"http:\/\/bozon.cz\/wp-content\/uploads\/2014\/07\/stanicka-300x203.png 300w, http:\/\/bozon.cz\/wp-content\/uploads\/2014\/07\/stanicka.png 568w\" alt=\"stanicka\" width=\"300\" height=\"203\" \/><\/a><\/p><p>Pro simult\u00e1ln\u00ed p\u0159eklad pou\u017e\u00edv\u00e1me i techniku pro p\u0159enos infra vln.<\/p>\t\t\t\t\t\t<\/div>\n\t\t\t\t<\/div>\n\t\t\t\t\t<\/div>\n\t\t<\/div>\n\t\t\t\t\t\t\t<\/div>\n\t\t<\/section>\n\t\t\t\t\t\t\t<\/div>\n\t\t","protected":false},"excerpt":{"rendered":"<p>KONFEREN\u010cN\u00cd TECHNIKA OSTRAVA TLUMO\u010cNICK\u00c1 TECHNIKA \u0160EPT\u00c1K P\u0159i n\u011bkter\u00fdch jedn\u00e1n\u00edch posta\u010d\u00ed \u0161ept\u00e1kov\u00e1 souprava. Poskytujeme jak dr\u00e1tovou, tak bezdr\u00e1tovou verzi. Dr\u00e1tov\u00e1 souprava je ur\u010dena maxim\u00e1ln\u011b pro 30 poslucha\u010d\u016f. Vy\u017eaduje speci\u00e1ln\u00ed stolovou \u00fapravu. Bezdr\u00e1tov\u00e1 souprava je ur\u010dena pro 18 poslucha\u010d\u016f. T\u011bchto souprav m\u016f\u017ee pracovat i v\u00edce najednou, \u010d\u00edm\u017e se d\u00e1 po\u010det poslucha\u010d\u016f nav\u00fd\u0161it v podstat\u011b do v\u00fd\u0161e, kter\u00e1 &hellip;<\/p>\n<p class=\"read-more\"> <a class=\"\" href=\"http:\/\/bozon.cz\/konferencni-technika\/tlumocnicka-technika\/\"> <span class=\"screen-reader-text\">tlumo\u010dnick\u00e1 technika<\/span> Pokra\u010dovat ve \u010dten\u00ed &raquo;<\/a><\/p>\n","protected":false},"author":1,"featured_media":0,"parent":0,"menu_order":0,"comment_status":"closed","ping_status":"closed","template":"","meta":{"site-sidebar-layout":"no-sidebar","site-content-layout":"page-builder","ast-main-header-display":"","ast-hfb-above-header-display":"","ast-hfb-below-header-display":"","ast-hfb-mobile-header-display":"","site-post-title":"disabled","ast-breadcrumbs-content":"","ast-featured-img":"disabled","footer-sml-layout":"","theme-transparent-header-meta":"","adv-header-id-meta":"","stick-header-meta":"","header-above-stick-meta":"","header-main-stick-meta":"","header-below-stick-meta":""},"_links":{"self":[{"href":"http:\/\/bozon.cz\/konferencni-technika\/wp-json\/wp\/v2\/pages\/75"}],"collection":[{"href":"http:\/\/bozon.cz\/konferencni-technika\/wp-json\/wp\/v2\/pages"}],"about":[{"href":"http:\/\/bozon.cz\/konferencni-technika\/wp-json\/wp\/v2\/types\/page"}],"author":[{"embeddable":true,"href":"http:\/\/bozon.cz\/konferencni-technika\/wp-json\/wp\/v2\/users\/1"}],"replies":[{"embeddable":true,"href":"http:\/\/bozon.cz\/konferencni-technika\/wp-json\/wp\/v2\/comments?post=75"}],"version-history":[{"count":26,"href":"http:\/\/bozon.cz\/konferencni-technika\/wp-json\/wp\/v2\/pages\/75\/revisions"}],"predecessor-version":[{"id":168,"href":"http:\/\/bozon.cz\/konferencni-technika\/wp-json\/wp\/v2\/pages\/75\/revisions\/168"}],"wp:attachment":[{"href":"http:\/\/bozon.cz\/konferencni-technika\/wp-json\/wp\/v2\/media?parent=75"}],"curies":[{"name":"wp","href":"https:\/\/api.w.org\/{rel}","templated":true}]}}